{"id":75930,"date":"2019-01-04T15:19:00","date_gmt":"2019-01-04T14:19:00","guid":{"rendered":"https:\/\/undsgn.com\/uncode\/?page_id=75930"},"modified":"2023-07-25T16:58:43","modified_gmt":"2023-07-25T15:58:43","slug":"home","status":"publish","type":"page","link":"https:\/\/blog.swt-sports.de\/","title":{"rendered":"HOME"},"content":{"rendered":"<div class=\"wpb-content-wrapper\"><p>[vc_row unlock_row_content=&#8220;yes&#8220; row_height_percent=&#8220;0&#8243; override_padding=&#8220;yes&#8220; h_padding=&#8220;0&#8243; top_padding=&#8220;0&#8243; bottom_padding=&#8220;0&#8243; overlay_alpha=&#8220;50&#8243; equal_height=&#8220;yes&#8220; gutter_size=&#8220;0&#8243; column_width_percent=&#8220;100&#8243; shift_y=&#8220;0&#8243; z_index=&#8220;0&#8243; css=&#8220;.vc_custom_1596957664361{border-top-width: 0px !important;}&#8220;][vc_column column_width_percent=&#8220;100&#8243; gutter_size=&#8220;4&#8243; override_padding=&#8220;yes&#8220; column_padding=&#8220;3&#8243; overlay_alpha=&#8220;50&#8243; border_color=&#8220;color-gyho&#8220; border_style=&#8220;solid&#8220; shift_x=&#8220;0&#8243; shift_y=&#8220;0&#8243; shift_y_down=&#8220;0&#8243; z_index=&#8220;0&#8243; medium_width=&#8220;0&#8243; mobile_width=&#8220;0&#8243; css_animation=&#8220;alpha-anim&#8220; animation_delay=&#8220;200&#8243; width=&#8220;1\/2&#8243; css=&#8220;.vc_custom_1596957365113{border-right-width: 1px !important;padding-bottom: 100px !important;}&#8220;][vc_empty_space empty_h=&#8220;2&#8243; desktop_visibility=&#8220;yes&#8220;][vc_custom_heading text_size=&#8220;h4&#8243; text_weight=&#8220;700&#8243; text_transform=&#8220;uppercase&#8220;]SWT Highlights[\/vc_custom_heading][uncode_index el_id=&#8220;highlight-posts&#8220; isotope_mode=&#8220;fitRows&#8220; loop=&#8220;size:2|order_by:date|post_type:post|categories:1305|taxonomy_count:10&#8243; screen_lg=&#8220;900&#8243; screen_md=&#8220;480&#8243; screen_sm=&#8220;480&#8243; gutter_size=&#8220;3&#8243; post_items=&#8220;media|featured|onpost|poster,title,text|full|150&#8243; infinite=&#8220;yes&#8220; infinite_button=&#8220;yes&#8220; infinite_hover_fx=&#8220;outlined&#8220; infinite_button_outline=&#8220;yes&#8220; single_text=&#8220;lateral&#8220; single_width=&#8220;12&#8243; images_size=&#8220;sixteen-nine&#8220; single_image_size=&#8220;6&#8243; single_overlay_color=&#8220;color-nhtu&#8220; single_overlay_opacity=&#8220;50&#8243; single_padding=&#8220;2&#8243; single_title_dimension=&#8220;h4&#8243; single_title_weight=&#8220;700&#8243; single_border=&#8220;yes&#8220; single_icon=&#8220;fa fa-plus2&#8243; infinite_button_text=&#8220;Zeig&#8216; mir mehr!&#8220;][\/vc_column][vc_column column_width_percent=&#8220;100&#8243; gutter_size=&#8220;4&#8243; override_padding=&#8220;yes&#8220; column_padding=&#8220;3&#8243; overlay_alpha=&#8220;50&#8243; border_color=&#8220;color-gyho&#8220; border_style=&#8220;solid&#8220; shift_x=&#8220;0&#8243; shift_y=&#8220;0&#8243; shift_y_down=&#8220;0&#8243; z_index=&#8220;0&#8243; medium_width=&#8220;0&#8243; mobile_width=&#8220;0&#8243; css_animation=&#8220;alpha-anim&#8220; animation_delay=&#8220;200&#8243; width=&#8220;1\/2&#8243; css=&#8220;.vc_custom_1536877306643{border-right-width: 1px !important;}&#8220;][vc_custom_heading text_size=&#8220;h4&#8243; text_weight=&#8220;700&#8243; text_transform=&#8220;uppercase&#8220;]Alle Storys[\/vc_custom_heading][uncode_index el_id=&#8220;alle-storys-posts&#8220; isotope_mode=&#8220;fitRows&#8220; loop=&#8220;size:8|order_by:date|post_type:post&#8220; screen_lg=&#8220;480&#8243; screen_md=&#8220;480&#8243; screen_sm=&#8220;480&#8243; filtering=&#8220;yes&#8220; filtering_uppercase=&#8220;yes&#8220; filtering_full_width=&#8220;yes&#8220; filter_mobile=&#8220;yes&#8220; gutter_size=&#8220;3&#8243; post_items=&#8220;media|featured|onpost|original,title,text|excerpt&#8220; single_text=&#8220;lateral&#8220; single_width=&#8220;6&#8243; images_size=&#8220;one-one&#8220; single_image_size=&#8220;3&#8243; single_lateral_responsive=&#8220;&#8220; single_overlay_color=&#8220;color-nhtu&#8220; single_overlay_opacity=&#8220;30&#8243; single_overlay_visible=&#8220;yes&#8220; single_padding=&#8220;1&#8243; single_title_dimension=&#8220;h5&#8243; single_title_weight=&#8220;600&#8243; single_border=&#8220;yes&#8220; single_icon=&#8220;fa fa-plus2&#8243; filter_all_text=&#8220;Alle anzeigen&#8220;][vc_row_inner limit_content=&#8220;&#8220;][vc_column_inner column_width_percent=&#8220;100&#8243; align_horizontal=&#8220;align_center&#8220; gutter_size=&#8220;3&#8243; overlay_alpha=&#8220;50&#8243; shift_x=&#8220;0&#8243; shift_y=&#8220;0&#8243; shift_y_down=&#8220;0&#8243; z_index=&#8220;0&#8243; medium_width=&#8220;0&#8243; mobile_width=&#8220;0&#8243; width=&#8220;1\/1&#8243;][vc_button hover_fx=&#8220;outlined&#8220; outline=&#8220;yes&#8220; border_width=&#8220;0&#8243; link=&#8220;url:https%3A%2F%2Fblog.swt-sports.de%2Findex.php%2Fblog%2F|title:BLOG&#8220;]Zum Blog![\/vc_button][\/vc_column_inner][\/vc_row_inner][\/vc_column][\/vc_row][vc_row unlock_row_content=&#8220;yes&#8220; row_height_percent=&#8220;0&#8243; override_padding=&#8220;yes&#8220; h_padding=&#8220;0&#8243; top_padding=&#8220;0&#8243; bottom_padding=&#8220;0&#8243; overlay_alpha=&#8220;50&#8243; equal_height=&#8220;yes&#8220; gutter_size=&#8220;0&#8243; column_width_percent=&#8220;100&#8243; shift_y=&#8220;0&#8243; z_index=&#8220;0&#8243;][vc_column column_width_percent=&#8220;100&#8243; gutter_size=&#8220;3&#8243; override_padding=&#8220;yes&#8220; column_padding=&#8220;0&#8243; overlay_alpha=&#8220;50&#8243; border_color=&#8220;color-gyho&#8220; border_style=&#8220;solid&#8220; shift_x=&#8220;0&#8243; shift_y=&#8220;0&#8243; shift_y_down=&#8220;0&#8243; z_index=&#8220;0&#8243; medium_width=&#8220;0&#8243; mobile_width=&#8220;0&#8243; width=&#8220;1\/1&#8243; css=&#8220;.vc_custom_1536835999957{border-right-width: 1px !important;}&#8220;][vc_separator sep_color=&#8220;,Default&#8220;][\/vc_column][\/vc_row][vc_row unlock_row_content=&#8220;yes&#8220; row_height_percent=&#8220;0&#8243; override_padding=&#8220;yes&#8220; h_padding=&#8220;0&#8243; top_padding=&#8220;0&#8243; bottom_padding=&#8220;0&#8243; back_color=&#8220;color-jevc&#8220; overlay_alpha=&#8220;50&#8243; gutter_size=&#8220;0&#8243; column_width_percent=&#8220;100&#8243; shift_y=&#8220;0&#8243; z_index=&#8220;0&#8243; mobile_visibility=&#8220;yes&#8220;][vc_column width=&#8220;1\/1&#8243;][vc_gallery el_id=&#8220;gallery-155338&#8243; type=&#8220;carousel&#8220; medias=&#8220;2745,2746,2747,83036&#8243; carousel_lg=&#8220;4&#8243; carousel_md=&#8220;4&#8243; carousel_sm=&#8220;2&#8243; thumb_size=&#8220;sixteen-nine&#8220; gutter_size=&#8220;0&#8243; media_items=&#8220;media|custom_link|original,title&#8220; carousel_interval=&#8220;0&#8243; carousel_navspeed=&#8220;400&#8243; stage_padding=&#8220;0&#8243; single_overlay_color=&#8220;color-jevc&#8220; single_overlay_opacity=&#8220;50&#8243; single_overlay_visible=&#8220;yes&#8220; single_text_visible=&#8220;yes&#8220; single_text_anim=&#8220;no&#8220; single_h_align=&#8220;center&#8220; single_reduced=&#8220;three_quarter&#8220; single_h_position=&#8220;center&#8220; single_padding=&#8220;2&#8243; single_text_reduced=&#8220;yes&#8220; single_title_dimension=&#8220;h1&#8243; single_border=&#8220;yes&#8220; single_css_animation=&#8220;bottom-t-top&#8220; items=&#8220;eyI4MzAzNl9pIjp7InNpbmdsZV9saW5rIjoidXJsOiUyRmluZGV4LnBocCUyRnZpZGVvcyUyRnx0aXRsZTpWSURFT1MifSwiMjc0N19pIjp7InNpbmdsZV9saW5rIjoidXJsOiUyRmluZGV4LnBocCUyRnNob3AlMkZ8dGl0bGU6U0hPUCJ9LCIyNzQ1X2kiOnsic2luZ2xlX2xpbmsiOiJ1cmw6JTJGaW5kZXgucGhwJTJGY2F0ZWdvcnklMkZzd3QtYmlrZXMlMkZ8fHwifSwiMjc0Nl9pIjp7InNpbmdsZV9saW5rIjoidXJsOiUyRmluZGV4LnBocCUyRmNhdGVnb3J5JTJGZW5kdXJvYm94ZXIlMkYifX0=&#8220;][\/vc_column][\/vc_row][vc_row][vc_column width=&#8220;1\/1&#8243;][vc_empty_space empty_h=&#8220;2&#8243;][vc_custom_heading heading_semantic=&#8220;h1&#8243; uncode_shortcode_id=&#8220;201654&#8243;]BMW Motorr\u00e4der &#8211; Werkstatt und Umbauten &#8211; SWT Sports[\/vc_custom_heading][vc_column_text]Die Firma SWT-SPORTS aus dem unterfr\u00e4nkischen \u00dcchtelhausen bei Schweinfurt hat sich ganz dem altem BMW 2-Ventiler verschrieben. Hier wird nicht nur mit Tuning und Spezialteilen gehandelt. Nein, auch Werkstattauftr\u00e4ge und Umbauten k\u00f6nnen durchgef\u00fchrt werden. Die Jungs von SWT haben ein eigenes Konzept erstellt, um die klassischen BMW Motorr\u00e4der zeitgem\u00e4\u00df f\u00fcr Reise und den Sporteinsatz zu trimmen.<br \/>\nEs werden die Rahmen vermessen, verst\u00e4rkt und eine Aufnahme f\u00fcr das Federbein einer R 1100 GS eingeschwei\u00dft. Mit dieser Modifikation ist es m\u00f6glich die l\u00e4nger Schwinge aus den 4-Ventilern zu fahren. So bekommt ihre R 80 \/ 100 GS G\/S ein viel moderneres Fahrwerk.<br \/>\nDoch dies ist nicht alles. Manuel Schad, der Firmengr\u00fcnder und Gesch\u00e4ftsf\u00fchrer schraubt und verkauft nicht nur, sondern er nimmt mit seinen Umbauten an Wettbewerben teil. Er ist mehrfacher Vizemeister und konnte es im Jahr 2013 zum Deutschen Meister der Serienenduroklasse in der IGE bringen.<\/p>\n<p>Nat\u00fcrlich auf einem 2-Ventiler BMW Boxer von SWT.[\/vc_column_text][vc_button button_color=&#8220;color-105437&#8243; hover_fx=&#8220;outlined&#8220; outline=&#8220;yes&#8220; border_width=&#8220;0&#8243; link=&#8220;url:%2Findex.php%2Fvideos%2F&#8220;]Zu unseren Videos[\/vc_button][\/vc_column][\/vc_row][vc_row][vc_column width=&#8220;1\/1&#8243;][vc_empty_space empty_h=&#8220;4&#8243;][\/vc_column][\/vc_row][vc_row unlock_row_content=&#8220;yes&#8220; row_height_percent=&#8220;60&#8243; override_padding=&#8220;yes&#8220; h_padding=&#8220;0&#8243; top_padding=&#8220;0&#8243; bottom_padding=&#8220;0&#8243; back_color=&#8220;color-nhtu&#8220; back_image=&#8220;85446&#8243; kburns=&#8220;yes&#8220; overlay_color=&#8220;color-jevc&#8220; overlay_alpha=&#8220;5&#8243; gutter_size=&#8220;3&#8243; column_width_percent=&#8220;100&#8243; shift_y=&#8220;0&#8243; z_index=&#8220;0&#8243; bottom_divider=&#8220;gradient&#8220; uncode_shortcode_id=&#8220;416893&#8243; back_color_type=&#8220;uncode-palette&#8220; overlay_color_type=&#8220;uncode-palette&#8220;][vc_column column_width_percent=&#8220;100&#8243; position_vertical=&#8220;middle&#8220; align_horizontal=&#8220;align_center&#8220; gutter_size=&#8220;3&#8243; override_padding=&#8220;yes&#8220; column_padding=&#8220;0&#8243; style=&#8220;dark&#8220; overlay_alpha=&#8220;50&#8243; shift_x=&#8220;0&#8243; shift_y=&#8220;0&#8243; shift_y_down=&#8220;0&#8243; z_index=&#8220;0&#8243; medium_width=&#8220;0&#8243; mobile_width=&#8220;0&#8243; css_animation=&#8220;bottom-t-top&#8220; width=&#8220;1\/1&#8243; uncode_shortcode_id=&#8220;380457&#8243;][vc_custom_heading text_size=&#8220;h1&#8243; uncode_shortcode_id=&#8220;207562&#8243;]43 Liter W\u00fcstentank von SWT Sports und ACERBIS[\/vc_custom_heading][vc_button border_width=&#8220;0&#8243; link=&#8220;url:https%3A%2F%2Fwww.swt-sports.de%2Fde%2Ftank-42-ltr-nylon-acerbis-swt-lackierbar-wuestentank|target:_blank&#8220; uncode_shortcode_id=&#8220;896620&#8243;]43L SWT W\u00fcstentank[\/vc_button][\/vc_column][\/vc_row][vc_row unlock_row_content=&#8220;yes&#8220; row_height_percent=&#8220;60&#8243; override_padding=&#8220;yes&#8220; h_padding=&#8220;0&#8243; top_padding=&#8220;0&#8243; bottom_padding=&#8220;0&#8243; back_color=&#8220;color-nhtu&#8220; overlay_alpha=&#8220;50&#8243; gutter_size=&#8220;3&#8243; column_width_percent=&#8220;100&#8243; shift_y=&#8220;0&#8243; z_index=&#8220;0&#8243; bottom_divider=&#8220;gradient&#8220;][vc_column column_width_percent=&#8220;100&#8243; align_horizontal=&#8220;align_center&#8220; gutter_size=&#8220;3&#8243; override_padding=&#8220;yes&#8220; column_padding=&#8220;0&#8243; style=&#8220;dark&#8220; overlay_alpha=&#8220;50&#8243; shift_x=&#8220;0&#8243; shift_y=&#8220;0&#8243; shift_y_down=&#8220;0&#8243; z_index=&#8220;0&#8243; medium_width=&#8220;0&#8243; mobile_width=&#8220;0&#8243; css_animation=&#8220;bottom-t-top&#8220; width=&#8220;1\/1&#8243; uncode_shortcode_id=&#8220;901890&#8243;][uncode_index el_id=&#8220;home-fullscreen-teaser&#8220; loop=&#8220;size:1|order_by:date|post_type:post|by_id:2472&#8243; style_preset=&#8220;metro&#8220; single_height_viewport=&#8220;yes&#8220; screen_lg=&#8220;1000&#8243; screen_md=&#8220;600&#8243; screen_sm=&#8220;480&#8243; gutter_size=&#8220;0&#8243; post_items=&#8220;media|featured|onpost|poster,category|bordered|relative|display-icon,title,spacer|half,text|excerpt|60,spacer_two|one,link|default|default_size|Zeig&#8216; her das Teil!&#8220; single_text=&#8220;overlay&#8220; single_width=&#8220;12&#8243; single_fluid_height=&#8220;70&#8243; single_overlay_color=&#8220;color-nhtu&#8220; single_overlay_opacity=&#8220;35&#8243; single_overlay_visible=&#8220;yes&#8220; single_overlay_anim=&#8220;no&#8220; single_text_visible=&#8220;yes&#8220; single_text_anim=&#8220;no&#8220; single_image_anim=&#8220;no&#8220; single_h_align=&#8220;center&#8220; single_reduced=&#8220;limit-width&#8220; single_padding=&#8220;3&#8243; single_elements_click=&#8220;yes&#8220; single_title_dimension=&#8220;fontsize-155944&#8243; single_title_weight=&#8220;600&#8243; single_title_space=&#8220;fontspace-781688&#8243; single_text_lead=&#8220;yes&#8220; single_border=&#8220;yes&#8220; single_css_animation=&#8220;alpha-anim&#8220;][\/vc_column][\/vc_row]<\/p>\n<\/div>","protected":false},"excerpt":{"rendered":"<p>[vc_row unlock_row_content=&#8220;yes&#8220; row_height_percent=&#8220;0&#8243; override_padding=&#8220;yes&#8220; h_padding=&#8220;0&#8243; top_padding=&#8220;0&#8243; bottom_padding=&#8220;0&#8243; overlay_alpha=&#8220;50&#8243; equal_height=&#8220;yes&#8220; gutter_size=&#8220;0&#8243; column_width_percent=&#8220;100&#8243; shift_y=&#8220;0&#8243; z_index=&#8220;0&#8243; css=&#8220;.vc_custom_1596957664361{border-top-width: 0px !important;}&#8220;][vc_column column_width_percent=&#8220;100&#8243; gutter_size=&#8220;4&#8243; override_padding=&#8220;yes&#8220; column_padding=&#8220;3&#8243; [&hellip;]<\/p>\n","protected":false},"author":26194,"featured_media":0,"parent":0,"menu_order":0,"comment_status":"closed","ping_status":"closed","template":"","meta":{"footnotes":""},"class_list":["post-75930","page","type-page","status-publish","hentry"],"yoast_head":"<!-- This site is optimized with the Yoast SEO plugin v27.4 - https:\/\/yoast.com\/product\/yoast-seo-wordpress\/ -->\n<title>HOME - SWT-SPORTS Blog<\/title>\n<meta name=\"robots\" content=\"index, follow, max-snippet:-1, max-image-preview:large, max-video-preview:-1\" \/>\n<link rel=\"canonical\" href=\"https:\/\/blog.swt-sports.de\/\" \/>\n<meta property=\"og:locale\" content=\"de_DE\" \/>\n<meta property=\"og:type\" content=\"article\" \/>\n<meta property=\"og:title\" content=\"HOME - SWT-SPORTS Blog\" \/>\n<meta property=\"og:description\" content=\"[vc_row unlock_row_content=&#8220;yes&#8220; row_height_percent=&#8220;0&#8243; override_padding=&#8220;yes&#8220; h_padding=&#8220;0&#8243; top_padding=&#8220;0&#8243; bottom_padding=&#8220;0&#8243; overlay_alpha=&#8220;50&#8243; equal_height=&#8220;yes&#8220; gutter_size=&#8220;0&#8243; column_width_percent=&#8220;100&#8243; shift_y=&#8220;0&#8243; z_index=&#8220;0&#8243; css=&#8220;.vc_custom_1596957664361{border-top-width: 0px !important;}&#8220;][vc_column column_width_percent=&#8220;100&#8243; gutter_size=&#8220;4&#8243; override_padding=&#8220;yes&#8220; column_padding=&#8220;3&#8243; [&hellip;]\" \/>\n<meta property=\"og:url\" content=\"https:\/\/blog.swt-sports.de\/\" \/>\n<meta property=\"og:site_name\" content=\"SWT-SPORTS Blog\" \/>\n<meta property=\"article:publisher\" content=\"https:\/\/www.facebook.com\/\" \/>\n<meta property=\"article:modified_time\" content=\"2023-07-25T15:58:43+00:00\" \/>\n<meta name=\"twitter:card\" content=\"summary_large_image\" \/>\n<meta name=\"twitter:site\" content=\"@swtsports\" \/>\n<meta name=\"twitter:label1\" content=\"Gesch\u00e4tzte Lesezeit\" \/>\n\t<meta name=\"twitter:data1\" content=\"3\u00a0Minuten\" \/>\n<script type=\"application\/ld+json\" class=\"yoast-schema-graph\">{\"@context\":\"https:\\\/\\\/schema.org\",\"@graph\":[{\"@type\":\"WebPage\",\"@id\":\"https:\\\/\\\/blog.swt-sports.de\\\/\",\"url\":\"https:\\\/\\\/blog.swt-sports.de\\\/\",\"name\":\"HOME - SWT-SPORTS Blog\",\"isPartOf\":{\"@id\":\"https:\\\/\\\/blog.swt-sports.de\\\/#website\"},\"datePublished\":\"2019-01-04T14:19:00+00:00\",\"dateModified\":\"2023-07-25T15:58:43+00:00\",\"breadcrumb\":{\"@id\":\"https:\\\/\\\/blog.swt-sports.de\\\/#breadcrumb\"},\"inLanguage\":\"de\",\"potentialAction\":[{\"@type\":\"ReadAction\",\"target\":[\"https:\\\/\\\/blog.swt-sports.de\\\/\"]}]},{\"@type\":\"BreadcrumbList\",\"@id\":\"https:\\\/\\\/blog.swt-sports.de\\\/#breadcrumb\",\"itemListElement\":[{\"@type\":\"ListItem\",\"position\":1,\"name\":\"Startseite\",\"item\":\"https:\\\/\\\/blog.swt-sports.de\\\/\"},{\"@type\":\"ListItem\",\"position\":2,\"name\":\"HOME\"}]},{\"@type\":\"WebSite\",\"@id\":\"https:\\\/\\\/blog.swt-sports.de\\\/#website\",\"url\":\"https:\\\/\\\/blog.swt-sports.de\\\/\",\"name\":\"SWT-SPORTS Blog\",\"description\":\"BMW Motorrad | 2-Ventiler | R80 \\\/ R100GS G\\\/S | Paris Dakar | BMW-Boxer\",\"publisher\":{\"@id\":\"https:\\\/\\\/blog.swt-sports.de\\\/#organization\"},\"potentialAction\":[{\"@type\":\"SearchAction\",\"target\":{\"@type\":\"EntryPoint\",\"urlTemplate\":\"https:\\\/\\\/blog.swt-sports.de\\\/?s={search_term_string}\"},\"query-input\":{\"@type\":\"PropertyValueSpecification\",\"valueRequired\":true,\"valueName\":\"search_term_string\"}}],\"inLanguage\":\"de\"},{\"@type\":\"Organization\",\"@id\":\"https:\\\/\\\/blog.swt-sports.de\\\/#organization\",\"name\":\"SWT Sports\",\"url\":\"https:\\\/\\\/blog.swt-sports.de\\\/\",\"logo\":{\"@type\":\"ImageObject\",\"inLanguage\":\"de\",\"@id\":\"https:\\\/\\\/blog.swt-sports.de\\\/#\\\/schema\\\/logo\\\/image\\\/\",\"url\":\"https:\\\/\\\/blog.swt-sports.de\\\/wp-content\\\/uploads\\\/2020\\\/08\\\/swt_sports_logo.svg\",\"contentUrl\":\"https:\\\/\\\/blog.swt-sports.de\\\/wp-content\\\/uploads\\\/2020\\\/08\\\/swt_sports_logo.svg\",\"width\":306,\"height\":247,\"caption\":\"SWT Sports\"},\"image\":{\"@id\":\"https:\\\/\\\/blog.swt-sports.de\\\/#\\\/schema\\\/logo\\\/image\\\/\"},\"sameAs\":[\"https:\\\/\\\/www.facebook.com\\\/\",\"https:\\\/\\\/x.com\\\/swtsports\",\"https:\\\/\\\/www.instagram.com\\\/swt_sports\\\/\",\"https:\\\/\\\/www.youtube.com\\\/user\\\/SWTsports\"]}]}<\/script>\n<!-- \/ Yoast SEO plugin. -->","yoast_head_json":{"title":"HOME - SWT-SPORTS Blog","robots":{"index":"index","follow":"follow","max-snippet":"max-snippet:-1","max-image-preview":"max-image-preview:large","max-video-preview":"max-video-preview:-1"},"canonical":"https:\/\/blog.swt-sports.de\/","og_locale":"de_DE","og_type":"article","og_title":"HOME - SWT-SPORTS Blog","og_description":"[vc_row unlock_row_content=&#8220;yes&#8220; row_height_percent=&#8220;0&#8243; override_padding=&#8220;yes&#8220; h_padding=&#8220;0&#8243; top_padding=&#8220;0&#8243; bottom_padding=&#8220;0&#8243; overlay_alpha=&#8220;50&#8243; equal_height=&#8220;yes&#8220; gutter_size=&#8220;0&#8243; column_width_percent=&#8220;100&#8243; shift_y=&#8220;0&#8243; z_index=&#8220;0&#8243; css=&#8220;.vc_custom_1596957664361{border-top-width: 0px !important;}&#8220;][vc_column column_width_percent=&#8220;100&#8243; gutter_size=&#8220;4&#8243; override_padding=&#8220;yes&#8220; column_padding=&#8220;3&#8243; [&hellip;]","og_url":"https:\/\/blog.swt-sports.de\/","og_site_name":"SWT-SPORTS Blog","article_publisher":"https:\/\/www.facebook.com\/","article_modified_time":"2023-07-25T15:58:43+00:00","twitter_card":"summary_large_image","twitter_site":"@swtsports","twitter_misc":{"Gesch\u00e4tzte Lesezeit":"3\u00a0Minuten"},"schema":{"@context":"https:\/\/schema.org","@graph":[{"@type":"WebPage","@id":"https:\/\/blog.swt-sports.de\/","url":"https:\/\/blog.swt-sports.de\/","name":"HOME - SWT-SPORTS Blog","isPartOf":{"@id":"https:\/\/blog.swt-sports.de\/#website"},"datePublished":"2019-01-04T14:19:00+00:00","dateModified":"2023-07-25T15:58:43+00:00","breadcrumb":{"@id":"https:\/\/blog.swt-sports.de\/#breadcrumb"},"inLanguage":"de","potentialAction":[{"@type":"ReadAction","target":["https:\/\/blog.swt-sports.de\/"]}]},{"@type":"BreadcrumbList","@id":"https:\/\/blog.swt-sports.de\/#breadcrumb","itemListElement":[{"@type":"ListItem","position":1,"name":"Startseite","item":"https:\/\/blog.swt-sports.de\/"},{"@type":"ListItem","position":2,"name":"HOME"}]},{"@type":"WebSite","@id":"https:\/\/blog.swt-sports.de\/#website","url":"https:\/\/blog.swt-sports.de\/","name":"SWT-SPORTS Blog","description":"BMW Motorrad | 2-Ventiler | R80 \/ R100GS G\/S | Paris Dakar | BMW-Boxer","publisher":{"@id":"https:\/\/blog.swt-sports.de\/#organization"},"potentialAction":[{"@type":"SearchAction","target":{"@type":"EntryPoint","urlTemplate":"https:\/\/blog.swt-sports.de\/?s={search_term_string}"},"query-input":{"@type":"PropertyValueSpecification","valueRequired":true,"valueName":"search_term_string"}}],"inLanguage":"de"},{"@type":"Organization","@id":"https:\/\/blog.swt-sports.de\/#organization","name":"SWT Sports","url":"https:\/\/blog.swt-sports.de\/","logo":{"@type":"ImageObject","inLanguage":"de","@id":"https:\/\/blog.swt-sports.de\/#\/schema\/logo\/image\/","url":"https:\/\/blog.swt-sports.de\/wp-content\/uploads\/2020\/08\/swt_sports_logo.svg","contentUrl":"https:\/\/blog.swt-sports.de\/wp-content\/uploads\/2020\/08\/swt_sports_logo.svg","width":306,"height":247,"caption":"SWT Sports"},"image":{"@id":"https:\/\/blog.swt-sports.de\/#\/schema\/logo\/image\/"},"sameAs":["https:\/\/www.facebook.com\/","https:\/\/x.com\/swtsports","https:\/\/www.instagram.com\/swt_sports\/","https:\/\/www.youtube.com\/user\/SWTsports"]}]}},"_links":{"self":[{"href":"https:\/\/blog.swt-sports.de\/index.php\/wp-json\/wp\/v2\/pages\/75930","targetHints":{"allow":["GET"]}}],"collection":[{"href":"https:\/\/blog.swt-sports.de\/index.php\/wp-json\/wp\/v2\/pages"}],"about":[{"href":"https:\/\/blog.swt-sports.de\/index.php\/wp-json\/wp\/v2\/types\/page"}],"author":[{"embeddable":true,"href":"https:\/\/blog.swt-sports.de\/index.php\/wp-json\/wp\/v2\/users\/26194"}],"replies":[{"embeddable":true,"href":"https:\/\/blog.swt-sports.de\/index.php\/wp-json\/wp\/v2\/comments?post=75930"}],"version-history":[{"count":122,"href":"https:\/\/blog.swt-sports.de\/index.php\/wp-json\/wp\/v2\/pages\/75930\/revisions"}],"predecessor-version":[{"id":85611,"href":"https:\/\/blog.swt-sports.de\/index.php\/wp-json\/wp\/v2\/pages\/75930\/revisions\/85611"}],"wp:attachment":[{"href":"https:\/\/blog.swt-sports.de\/index.php\/wp-json\/wp\/v2\/media?parent=75930"}],"curies":[{"name":"wp","href":"https:\/\/api.w.org\/{rel}","templated":true}]}}