{"id":2,"date":"2013-08-22T17:36:23","date_gmt":"2013-08-22T16:36:23","guid":{"rendered":"http:\/\/p201476.webspaceconfig.de\/?page_id=2"},"modified":"2020-08-10T15:37:00","modified_gmt":"2020-08-10T14:37:00","slug":"impressum","status":"publish","type":"page","link":"https:\/\/blog.swt-sports.de\/index.php\/impressum\/","title":{"rendered":"IMPRESSUM"},"content":{"rendered":"<div class=\"wpb-content-wrapper\"><p>[vc_row][vc_column column_width_percent=&#8220;100&#8243; align_horizontal=&#8220;align_center&#8220; gutter_size=&#8220;3&#8243; overlay_alpha=&#8220;50&#8243; shift_x=&#8220;0&#8243; shift_y=&#8220;0&#8243; shift_y_down=&#8220;0&#8243; z_index=&#8220;0&#8243; medium_width=&#8220;0&#8243; mobile_width=&#8220;0&#8243; width=&#8220;1\/1&#8243;][vc_empty_space empty_h=&#8220;2&#8243;][vc_custom_heading heading_semantic=&#8220;h1&#8243; text_transform=&#8220;uppercase&#8220; css_animation=&#8220;single-curtain&#8220;]Impressum von SWT Sports[\/vc_custom_heading][\/vc_column][\/vc_row][vc_row][vc_column width=&#8220;1\/2&#8243;][vc_column_text]Manuel Schad<br \/>\n<strong>SWT SPORTS<\/strong><br \/>\nMarienstr. 1<br \/>\n97532 \u00dcchtelhausen<br \/>\nDeutschland<\/p>\n<p>Telefon: 09720 950248<br \/>\nE-Mail: info@swt-sports.de<\/p>\n<p>USt-IdNr.: DE 249029047[\/vc_column_text][\/vc_column][vc_column width=&#8220;1\/2&#8243;][vc_column_text]Inhaltlich Verantwortlicher gem\u00e4\u00df \u00a7 55 RStV:<br \/>\nManuel Schad<br \/>\nMarienstr. 1<br \/>\n97532 \u00dcchtelhausen<\/p>\n<p>[\/vc_column_text][\/vc_column][\/vc_row][vc_row][vc_column][vc_column_text]<\/p>\n<h2><strong>Rechtliche Hinweise zur Webseite<\/strong><\/h2>\n<p>Alle Texte, Bilder und weiter hier ver\u00f6ffentlichten Informationen unterliegen dem Urheberrecht des Anbieters, soweit nicht Urheberrechte Dritter bestehen. In jedem Fall ist eine Vervielf\u00e4ltigung, Verbreitung oder \u00f6ffentliche Wiedergabe ausschlie\u00dflich im Falle einer widerruflichen und nicht \u00fcbertragbaren Zustimmung des Anbieters gestattet.<\/p>\n<p>F\u00fcr alle mittels Querverweis (Link) verbundenen Webinhalte \u00fcbernimmt der Anbieter keine Verantwortung, da es sich hierbei nicht um eigene Inhalte handelt. Die verlinkten Seiten wurden auf rechtswidrige Inhalte \u00fcberpr\u00fcft, zum Zeitpunkt der Verlinkung waren solche nicht erkennbar. Verantwortlich f\u00fcr den Inhalt der verlinkten Seiten ist deren Betreiber. Der Anbieter hat hierzu keine allgemeine \u00dcberwachungs- und Pr\u00fcfungspflicht. Bei Bekanntwerden einer Rechtsverletzung wird der entsprechende Link jedoch umgehend entfernt.[\/vc_column_text][\/vc_column][\/vc_row][vc_row][vc_column column_width_percent=&#8220;100&#8243; position_vertical=&#8220;middle&#8220; align_horizontal=&#8220;align_center&#8220; gutter_size=&#8220;3&#8243; overlay_alpha=&#8220;50&#8243; shift_x=&#8220;0&#8243; shift_y=&#8220;0&#8243; shift_y_down=&#8220;0&#8243; z_index=&#8220;0&#8243; medium_width=&#8220;0&#8243; mobile_width=&#8220;0&#8243; width=&#8220;1\/1&#8243;][vc_empty_space empty_h=&#8220;3&#8243;][vc_button hover_fx=&#8220;outlined&#8220; outline=&#8220;yes&#8220; border_width=&#8220;0&#8243; link=&#8220;url:http%3A%2F%2F161.97.78.189%3A8080%2Findex.php%2Fdatenschutz%2F|title:DATENSCHUTZ||&#8220;]Weitere Infos in der Dateschutzerkl\u00e4rung[\/vc_button][vc_empty_space empty_h=&#8220;4&#8243;][\/vc_column][\/vc_row]<\/p>\n<\/div>","protected":false},"excerpt":{"rendered":"<p>[vc_row][vc_column column_width_percent=&#8220;100&#8243; align_horizontal=&#8220;align_center&#8220; gutter_size=&#8220;3&#8243; overlay_alpha=&#8220;50&#8243; shift_x=&#8220;0&#8243; shift_y=&#8220;0&#8243; shift_y_down=&#8220;0&#8243; z_index=&#8220;0&#8243; medium_width=&#8220;0&#8243; mobile_width=&#8220;0&#8243; width=&#8220;1\/1&#8243;][vc_empty_space empty_h=&#8220;2&#8243;][vc_custom_heading heading_semantic=&#8220;h1&#8243; text_transform=&#8220;uppercase&#8220; css_animation=&#8220;single-curtain&#8220;]Impressum von SWT Sports[\/vc_custom_heading][\/vc_column][\/vc_row][vc_row][vc_column width=&#8220;1\/2&#8243;][vc_column_text]Manuel [&hellip;]<\/p>\n","protected":false},"author":26194,"featured_media":0,"parent":0,"menu_order":0,"comment_status":"open","ping_status":"closed","template":"","meta":{"footnotes":""},"class_list":["post-2","page","type-page","status-publish","hentry"],"yoast_head":"<!-- This site is optimized with the Yoast SEO plugin v27.4 - https:\/\/yoast.com\/product\/yoast-seo-wordpress\/ -->\n<title>IMPRESSUM - SWT-SPORTS Blog<\/title>\n<meta name=\"robots\" content=\"index, follow, max-snippet:-1, max-image-preview:large, max-video-preview:-1\" \/>\n<link rel=\"canonical\" href=\"https:\/\/blog.swt-sports.de\/index.php\/impressum\/\" \/>\n<meta property=\"og:locale\" content=\"de_DE\" \/>\n<meta property=\"og:type\" content=\"article\" \/>\n<meta property=\"og:title\" content=\"IMPRESSUM - SWT-SPORTS Blog\" \/>\n<meta property=\"og:description\" content=\"[vc_row][vc_column column_width_percent=&#8220;100&#8243; align_horizontal=&#8220;align_center&#8220; gutter_size=&#8220;3&#8243; overlay_alpha=&#8220;50&#8243; shift_x=&#8220;0&#8243; shift_y=&#8220;0&#8243; shift_y_down=&#8220;0&#8243; z_index=&#8220;0&#8243; medium_width=&#8220;0&#8243; mobile_width=&#8220;0&#8243; width=&#8220;1\/1&#8243;][vc_empty_space empty_h=&#8220;2&#8243;][vc_custom_heading heading_semantic=&#8220;h1&#8243; text_transform=&#8220;uppercase&#8220; css_animation=&#8220;single-curtain&#8220;]Impressum von SWT Sports[\/vc_custom_heading][\/vc_column][\/vc_row][vc_row][vc_column width=&#8220;1\/2&#8243;][vc_column_text]Manuel [&hellip;]\" \/>\n<meta property=\"og:url\" content=\"https:\/\/blog.swt-sports.de\/index.php\/impressum\/\" \/>\n<meta property=\"og:site_name\" content=\"SWT-SPORTS Blog\" \/>\n<meta property=\"article:publisher\" content=\"https:\/\/www.facebook.com\/\" \/>\n<meta property=\"article:modified_time\" content=\"2020-08-10T14:37:00+00:00\" \/>\n<meta name=\"twitter:card\" content=\"summary_large_image\" \/>\n<meta name=\"twitter:site\" content=\"@swtsports\" \/>\n<meta name=\"twitter:label1\" content=\"Gesch\u00e4tzte Lesezeit\" \/>\n\t<meta name=\"twitter:data1\" content=\"2\u00a0Minuten\" \/>\n<script type=\"application\/ld+json\" class=\"yoast-schema-graph\">{\"@context\":\"https:\\\/\\\/schema.org\",\"@graph\":[{\"@type\":\"WebPage\",\"@id\":\"https:\\\/\\\/blog.swt-sports.de\\\/index.php\\\/impressum\\\/\",\"url\":\"https:\\\/\\\/blog.swt-sports.de\\\/index.php\\\/impressum\\\/\",\"name\":\"IMPRESSUM - SWT-SPORTS Blog\",\"isPartOf\":{\"@id\":\"https:\\\/\\\/blog.swt-sports.de\\\/#website\"},\"datePublished\":\"2013-08-22T16:36:23+00:00\",\"dateModified\":\"2020-08-10T14:37:00+00:00\",\"breadcrumb\":{\"@id\":\"https:\\\/\\\/blog.swt-sports.de\\\/index.php\\\/impressum\\\/#breadcrumb\"},\"inLanguage\":\"de\",\"potentialAction\":[{\"@type\":\"ReadAction\",\"target\":[\"https:\\\/\\\/blog.swt-sports.de\\\/index.php\\\/impressum\\\/\"]}]},{\"@type\":\"BreadcrumbList\",\"@id\":\"https:\\\/\\\/blog.swt-sports.de\\\/index.php\\\/impressum\\\/#breadcrumb\",\"itemListElement\":[{\"@type\":\"ListItem\",\"position\":1,\"name\":\"Startseite\",\"item\":\"https:\\\/\\\/blog.swt-sports.de\\\/\"},{\"@type\":\"ListItem\",\"position\":2,\"name\":\"IMPRESSUM\"}]},{\"@type\":\"WebSite\",\"@id\":\"https:\\\/\\\/blog.swt-sports.de\\\/#website\",\"url\":\"https:\\\/\\\/blog.swt-sports.de\\\/\",\"name\":\"SWT-SPORTS Blog\",\"description\":\"BMW Motorrad | 2-Ventiler | R80 \\\/ R100GS G\\\/S | Paris Dakar | BMW-Boxer\",\"publisher\":{\"@id\":\"https:\\\/\\\/blog.swt-sports.de\\\/#organization\"},\"potentialAction\":[{\"@type\":\"SearchAction\",\"target\":{\"@type\":\"EntryPoint\",\"urlTemplate\":\"https:\\\/\\\/blog.swt-sports.de\\\/?s={search_term_string}\"},\"query-input\":{\"@type\":\"PropertyValueSpecification\",\"valueRequired\":true,\"valueName\":\"search_term_string\"}}],\"inLanguage\":\"de\"},{\"@type\":\"Organization\",\"@id\":\"https:\\\/\\\/blog.swt-sports.de\\\/#organization\",\"name\":\"SWT Sports\",\"url\":\"https:\\\/\\\/blog.swt-sports.de\\\/\",\"logo\":{\"@type\":\"ImageObject\",\"inLanguage\":\"de\",\"@id\":\"https:\\\/\\\/blog.swt-sports.de\\\/#\\\/schema\\\/logo\\\/image\\\/\",\"url\":\"https:\\\/\\\/blog.swt-sports.de\\\/wp-content\\\/uploads\\\/2020\\\/08\\\/swt_sports_logo.svg\",\"contentUrl\":\"https:\\\/\\\/blog.swt-sports.de\\\/wp-content\\\/uploads\\\/2020\\\/08\\\/swt_sports_logo.svg\",\"width\":306,\"height\":247,\"caption\":\"SWT Sports\"},\"image\":{\"@id\":\"https:\\\/\\\/blog.swt-sports.de\\\/#\\\/schema\\\/logo\\\/image\\\/\"},\"sameAs\":[\"https:\\\/\\\/www.facebook.com\\\/\",\"https:\\\/\\\/x.com\\\/swtsports\",\"https:\\\/\\\/www.instagram.com\\\/swt_sports\\\/\",\"https:\\\/\\\/www.youtube.com\\\/user\\\/SWTsports\"]}]}<\/script>\n<!-- \/ Yoast SEO plugin. -->","yoast_head_json":{"title":"IMPRESSUM - SWT-SPORTS Blog","robots":{"index":"index","follow":"follow","max-snippet":"max-snippet:-1","max-image-preview":"max-image-preview:large","max-video-preview":"max-video-preview:-1"},"canonical":"https:\/\/blog.swt-sports.de\/index.php\/impressum\/","og_locale":"de_DE","og_type":"article","og_title":"IMPRESSUM - SWT-SPORTS Blog","og_description":"[vc_row][vc_column column_width_percent=&#8220;100&#8243; align_horizontal=&#8220;align_center&#8220; gutter_size=&#8220;3&#8243; overlay_alpha=&#8220;50&#8243; shift_x=&#8220;0&#8243; shift_y=&#8220;0&#8243; shift_y_down=&#8220;0&#8243; z_index=&#8220;0&#8243; medium_width=&#8220;0&#8243; mobile_width=&#8220;0&#8243; width=&#8220;1\/1&#8243;][vc_empty_space empty_h=&#8220;2&#8243;][vc_custom_heading heading_semantic=&#8220;h1&#8243; text_transform=&#8220;uppercase&#8220; css_animation=&#8220;single-curtain&#8220;]Impressum von SWT Sports[\/vc_custom_heading][\/vc_column][\/vc_row][vc_row][vc_column width=&#8220;1\/2&#8243;][vc_column_text]Manuel [&hellip;]","og_url":"https:\/\/blog.swt-sports.de\/index.php\/impressum\/","og_site_name":"SWT-SPORTS Blog","article_publisher":"https:\/\/www.facebook.com\/","article_modified_time":"2020-08-10T14:37:00+00:00","twitter_card":"summary_large_image","twitter_site":"@swtsports","twitter_misc":{"Gesch\u00e4tzte Lesezeit":"2\u00a0Minuten"},"schema":{"@context":"https:\/\/schema.org","@graph":[{"@type":"WebPage","@id":"https:\/\/blog.swt-sports.de\/index.php\/impressum\/","url":"https:\/\/blog.swt-sports.de\/index.php\/impressum\/","name":"IMPRESSUM - SWT-SPORTS Blog","isPartOf":{"@id":"https:\/\/blog.swt-sports.de\/#website"},"datePublished":"2013-08-22T16:36:23+00:00","dateModified":"2020-08-10T14:37:00+00:00","breadcrumb":{"@id":"https:\/\/blog.swt-sports.de\/index.php\/impressum\/#breadcrumb"},"inLanguage":"de","potentialAction":[{"@type":"ReadAction","target":["https:\/\/blog.swt-sports.de\/index.php\/impressum\/"]}]},{"@type":"BreadcrumbList","@id":"https:\/\/blog.swt-sports.de\/index.php\/impressum\/#breadcrumb","itemListElement":[{"@type":"ListItem","position":1,"name":"Startseite","item":"https:\/\/blog.swt-sports.de\/"},{"@type":"ListItem","position":2,"name":"IMPRESSUM"}]},{"@type":"WebSite","@id":"https:\/\/blog.swt-sports.de\/#website","url":"https:\/\/blog.swt-sports.de\/","name":"SWT-SPORTS Blog","description":"BMW Motorrad | 2-Ventiler | R80 \/ R100GS G\/S | Paris Dakar | BMW-Boxer","publisher":{"@id":"https:\/\/blog.swt-sports.de\/#organization"},"potentialAction":[{"@type":"SearchAction","target":{"@type":"EntryPoint","urlTemplate":"https:\/\/blog.swt-sports.de\/?s={search_term_string}"},"query-input":{"@type":"PropertyValueSpecification","valueRequired":true,"valueName":"search_term_string"}}],"inLanguage":"de"},{"@type":"Organization","@id":"https:\/\/blog.swt-sports.de\/#organization","name":"SWT Sports","url":"https:\/\/blog.swt-sports.de\/","logo":{"@type":"ImageObject","inLanguage":"de","@id":"https:\/\/blog.swt-sports.de\/#\/schema\/logo\/image\/","url":"https:\/\/blog.swt-sports.de\/wp-content\/uploads\/2020\/08\/swt_sports_logo.svg","contentUrl":"https:\/\/blog.swt-sports.de\/wp-content\/uploads\/2020\/08\/swt_sports_logo.svg","width":306,"height":247,"caption":"SWT Sports"},"image":{"@id":"https:\/\/blog.swt-sports.de\/#\/schema\/logo\/image\/"},"sameAs":["https:\/\/www.facebook.com\/","https:\/\/x.com\/swtsports","https:\/\/www.instagram.com\/swt_sports\/","https:\/\/www.youtube.com\/user\/SWTsports"]}]}},"_links":{"self":[{"href":"https:\/\/blog.swt-sports.de\/index.php\/wp-json\/wp\/v2\/pages\/2","targetHints":{"allow":["GET"]}}],"collection":[{"href":"https:\/\/blog.swt-sports.de\/index.php\/wp-json\/wp\/v2\/pages"}],"about":[{"href":"https:\/\/blog.swt-sports.de\/index.php\/wp-json\/wp\/v2\/types\/page"}],"author":[{"embeddable":true,"href":"https:\/\/blog.swt-sports.de\/index.php\/wp-json\/wp\/v2\/users\/26194"}],"replies":[{"embeddable":true,"href":"https:\/\/blog.swt-sports.de\/index.php\/wp-json\/wp\/v2\/comments?post=2"}],"version-history":[{"count":16,"href":"https:\/\/blog.swt-sports.de\/index.php\/wp-json\/wp\/v2\/pages\/2\/revisions"}],"predecessor-version":[{"id":83219,"href":"https:\/\/blog.swt-sports.de\/index.php\/wp-json\/wp\/v2\/pages\/2\/revisions\/83219"}],"wp:attachment":[{"href":"https:\/\/blog.swt-sports.de\/index.php\/wp-json\/wp\/v2\/media?parent=2"}],"curies":[{"name":"wp","href":"https:\/\/api.w.org\/{rel}","templated":true}]}}